{"id":7168,"date":"2024-05-05T14:22:35","date_gmt":"2024-05-05T14:22:35","guid":{"rendered":"https:\/\/wildfindersafaris.com\/proteccion-de-datos\/"},"modified":"2025-08-16T11:48:48","modified_gmt":"2025-08-16T11:48:48","slug":"proteccion-de-datos","status":"publish","type":"page","link":"https:\/\/wildfindersafaris.com\/es\/proteccion-de-datos\/","title":{"rendered":"Protecci\u00f3n de datos"},"content":{"rendered":"\t\t<div data-elementor-type=\"wp-page\" data-elementor-id=\"7168\" class=\"elementor elementor-7168 elementor-622\" data-elementor-post-type=\"page\">\n\t\t\t\t<div class=\"elementor-element elementor-element-4175e0a6 e-flex e-con-boxed e-con e-parent\" data-id=\"4175e0a6\" data-element_type=\"container\" data-e-type=\"container\">\n\t\t\t\t\t<div class=\"e-con-inner\">\n\t\t\t\t<div class=\"elementor-element elementor-element-4e608294 elementor-widget elementor-widget-heading\" data-id=\"4e608294\" data-element_type=\"widget\" data-e-type=\"widget\" data-widget_type=\"heading.default\">\n\t\t\t\t<div class=\"elementor-widget-container\">\n\t\t\t\t\t<h2 class=\"elementor-heading-title elementor-size-default\">Protecci\u00f3n de datos<\/h2>\t\t\t\t<\/div>\n\t\t\t\t<\/div>\n\t\t\t\t<div class=\"elementor-element elementor-element-2f947f43 elementor-widget elementor-widget-text-editor\" data-id=\"2f947f43\" data-element_type=\"widget\" data-e-type=\"widget\" data-widget_type=\"text-editor.default\">\n\t\t\t\t<div class=\"elementor-widget-container\">\n\t\t\t\t\t\t\t\t\t<p><strong>Pol\u00edtica de privacidad \u2013<\/strong><strong> Wildfinder Tours &amp; Safaris<\/strong><\/p>\n<p>Wildfinder Tours &amp; Safaris (en adelante \u00abWildfinder\u00bb, \u00abnosotros\u00bb, \u00abnos\u00bb o \u00abnuestro\u00bb) se toma muy en serio la protecci\u00f3n de tus datos personales. Esta pol\u00edtica de privacidad te informa sobre qu\u00e9 datos recopilamos, c\u00f3mo los utilizamos y qu\u00e9 derechos tienes en relaci\u00f3n con tus datos. <\/p>\n<p><strong>&nbsp;<\/strong><\/p>\n<ol>\n<li><strong>  Persona responsable<\/strong><\/li>\n<\/ol>\n<p><strong>&nbsp;<\/strong><\/p><p><span style=\"color: var( --e-global-color-text ); font-family: var( --e-global-typography-text-font-family ), Sans-serif; font-weight: var( --e-global-typography-text-font-weight ); text-align: var(--text-align);\">Somos responsables del tratamiento de tus datos personales:<\/span><\/p><p><br><\/p>\n<p><strong>Wildfinder Tours &amp; Safaris Limited<\/strong><\/p>\n<p>PO Box 15204<\/p>\n<p>USA River, Arusha, Tanzania<\/p>\n<p>Correo electr\u00f3nico: info@wildfindersafaris.com<\/p>\n<p>Tel: +255 765 598 171<\/p>\n<p>DE: +49 211 94289111<\/p>\n<p>EE.UU.: +1 213 338 1003<\/p>\n<p>N\u00famero de licencia: 019268<\/p><p><br><\/p>\n<ol start=\"2\">\n<li><strong>  Recogida y tratamiento de datos personales<\/strong><\/li>\n<\/ol><div><b><br><\/b><\/div>\n<p>Recogemos y procesamos datos personales s\u00f3lo en la medida permitida por la ley. Los datos personales incluyen, entre otras cosas <\/p><p><br><\/p>\n<ul>\n<li>Nombre<\/li>\n<li>Direcci\u00f3n<\/li>\n<li>Direcci\u00f3n de correo electr\u00f3nico<\/li>\n<li>N\u00famero de tel\u00e9fono<\/li>\n<li>Informaci\u00f3n sobre el pago<\/li>\n<li>Informaci\u00f3n sobre tus preferencias de viaje y reservas<\/li>\n<\/ul><div><br><\/div>\n<ol start=\"3\">\n<li><strong>  Finalidad del tratamiento de datos<\/strong><\/li>\n<\/ol><div><b><br><\/b><\/div>\n<p>Tratamos tus datos personales para los siguientes fines:<\/p><p><br><\/p>\n<ul>\n<li>Tramitaci\u00f3n y administraci\u00f3n de reservas<\/li>\n<li>Prestaci\u00f3n de nuestros servicios<\/li>\n<li>La comunicaci\u00f3n contigo en relaci\u00f3n con tus reservas y consultas<\/li>\n<li>Tramitaci\u00f3n de pagos<\/li>\n<li>Mejora de nuestros servicios<\/li>\n<li>Marketing y publicidad, siempre que hayas dado tu consentimiento<\/li>\n<li>Cumplimiento de las obligaciones legales<\/li>\n<\/ul><div><br><\/div>\n<ol start=\"4\">\n<li><strong>  Base jur\u00eddica del tratamiento<\/strong><\/li>\n<\/ol><div><b><br><\/b><\/div>\n<p>El tratamiento de tus datos personales se basa en los siguientes fundamentos jur\u00eddicos:<\/p>\n<ul>\n<li>Cumplimiento de un contrato de conformidad con el Art. 6 p\u00e1rr. 1 lit. b GDPR  <\/li>\n<li>Consentimiento conforme al Art. 6 p\u00e1rr. 1 lit. a GDPR  <\/li>\n<li>Cumplimiento de las obligaciones legales de conformidad con el art. 6 p\u00e1rr. 1 lit. c GDPR  <\/li>\n<li>Intereses leg\u00edtimos de conformidad con el Art. 6 p\u00e1rr. 1 lit. f GDPR  <\/li>\n<\/ul><div><br><\/div>\n<ol start=\"5\">\n<li><strong>  Divulgaci\u00f3n de datos a terceros<\/strong><\/li>\n<\/ol><div><b><br><\/b><\/div>\n<p>S\u00f3lo transmitimos tus datos personales a terceros si es necesario para el cumplimiento de nuestros servicios o si lo has consentido expresamente. Los destinatarios de tus datos pueden ser <\/p><p><br><\/p>\n<ul>\n<li>Proveedor de servicios de pago<\/li>\n<li>Empresas asociadas y proveedores de servicios que nos apoyan en la prestaci\u00f3n de nuestros servicios<\/li>\n<li>Autoridades, en la medida en que estemos legalmente obligados a hacerlo<\/li>\n<\/ul><div><br><\/div>\n<ol start=\"6\">\n<li><strong>  Consentimiento<\/strong><\/li>\n<\/ol>\n<p><strong>&nbsp;<\/strong><\/p>\n<p>Al utilizar nuestros servicios e informaci\u00f3n en www.wildfindersafaris.com, aceptas nuestra pol\u00edtica de privacidad y las condiciones contenidas en ella.<\/p><p><br><\/p>\n<ol start=\"7\">\n<li><strong>  Registro del comportamiento de los visitantes<\/strong><\/li>\n<\/ol><div><b><br><\/b><\/div>\n<p>www.wildfindersafaris.com utiliza diversas tecnolog\u00edas para analizar qui\u00e9n visita el sitio web, c\u00f3mo se comportan los visitantes en el sitio web y a qu\u00e9 p\u00e1ginas acceden. Se trata de una pr\u00e1ctica habitual en los sitios web, ya que proporciona informaci\u00f3n valiosa que ayuda a mejorar la experiencia del usuario. La informaci\u00f3n que recopilamos utilizando cookies incluye direcciones IP, tipos de navegador y p\u00e1ginas visitadas.  <\/p>\n<p>Tambi\u00e9n registramos desde d\u00f3nde acceden los visitantes por primera vez a nuestro sitio web y qu\u00e9 p\u00e1gina visitan cuando abandonan el sitio web. Estos datos se recogen de forma an\u00f3nima y no se vinculan a otros datos personales. <\/p><p><br><\/p>\n<ol start=\"8\">\n<li> <strong> \u00c4<\/strong><strong>nderungen der Datenschutzerkl\u00e4rung<\/strong><\/li>\n<\/ol><div><b><br><\/b><\/div>\n<p>Nos reservamos el derecho a modificar esta pol\u00edtica de privacidad en cualquier momento. La versi\u00f3n actual est\u00e1 siempre disponible en nuestro sitio web. <\/p>\n<p><strong>&nbsp;<\/strong><\/p>\n<ol start=\"9\">\n<li><strong>  Contacta con nosotros<\/strong><\/li>\n<\/ol><div><b><br><\/b><\/div>\n<p>Si tienes alguna pregunta o duda sobre <span style=\"color: var( --e-global-color-text ); font-family: var( --e-global-typography-text-font-family ), Sans-serif; font-weight: var( --e-global-typography-text-font-weight ); text-align: var(--text-align);\">esta pol\u00edtica de privacidad o sobre el tratamiento de tus datos personales, puedes ponerte en contacto con nosotros utilizando los datos de contacto indicados anteriormente.<\/span><\/p>\t\t\t\t\t\t\t\t<\/div>\n\t\t\t\t<\/div>\n\t\t\t\t\t<\/div>\n\t\t\t\t<\/div>\n\t\t\t\t<\/div>\n\t\t","protected":false},"excerpt":{"rendered":"<p>Protecci\u00f3n de datos Pol\u00edtica de privacidad \u2013 Wildfinder Tours &amp; Safaris Wildfinder Tours &amp; Safaris (en adelante \u00abWildfinder\u00bb, \u00abnosotros\u00bb, \u00abnos\u00bb o \u00abnuestro\u00bb) se toma muy en serio la protecci\u00f3n de tus datos personales. Esta pol\u00edtica de privacidad te informa sobre qu\u00e9 datos recopilamos, c\u00f3mo los utilizamos y qu\u00e9 derechos tienes en relaci\u00f3n con tus datos. [&hellip;]<\/p>\n","protected":false},"author":1,"featured_media":0,"parent":0,"menu_order":37,"comment_status":"closed","ping_status":"closed","template":"","meta":{"_acf_changed":false,"footnotes":""},"class_list":["post-7168","page","type-page","status-publish","hentry"],"acf":[],"_links":{"self":[{"href":"https:\/\/wildfindersafaris.com\/es\/wp-json\/wp\/v2\/pages\/7168","targetHints":{"allow":["GET"]}}],"collection":[{"href":"https:\/\/wildfindersafaris.com\/es\/wp-json\/wp\/v2\/pages"}],"about":[{"href":"https:\/\/wildfindersafaris.com\/es\/wp-json\/wp\/v2\/types\/page"}],"author":[{"embeddable":true,"href":"https:\/\/wildfindersafaris.com\/es\/wp-json\/wp\/v2\/users\/1"}],"replies":[{"embeddable":true,"href":"https:\/\/wildfindersafaris.com\/es\/wp-json\/wp\/v2\/comments?post=7168"}],"version-history":[{"count":4,"href":"https:\/\/wildfindersafaris.com\/es\/wp-json\/wp\/v2\/pages\/7168\/revisions"}],"predecessor-version":[{"id":7224,"href":"https:\/\/wildfindersafaris.com\/es\/wp-json\/wp\/v2\/pages\/7168\/revisions\/7224"}],"wp:attachment":[{"href":"https:\/\/wildfindersafaris.com\/es\/wp-json\/wp\/v2\/media?parent=7168"}],"curies":[{"name":"wp","href":"https:\/\/api.w.org\/{rel}","templated":true}]}}