{"id":7174,"date":"2024-05-05T14:23:04","date_gmt":"2024-05-05T14:23:04","guid":{"rendered":"https:\/\/wildfindersafaris.com\/gtc\/"},"modified":"2026-02-02T21:51:43","modified_gmt":"2026-02-02T21:51:43","slug":"terminos-y-condiciones","status":"publish","type":"page","link":"https:\/\/wildfindersafaris.com\/es\/terminos-y-condiciones\/","title":{"rendered":"T\u00e9rminos y condiciones"},"content":{"rendered":"\t\t<div data-elementor-type=\"wp-page\" data-elementor-id=\"7174\" class=\"elementor elementor-7174 elementor-627\" data-elementor-post-type=\"page\">\n\t\t\t\t<div class=\"elementor-element elementor-element-4175e0a6 e-flex e-con-boxed e-con e-parent\" data-id=\"4175e0a6\" data-element_type=\"container\" data-e-type=\"container\">\n\t\t\t\t\t<div class=\"e-con-inner\">\n\t\t\t\t<div class=\"elementor-element elementor-element-4e608294 elementor-widget elementor-widget-heading\" data-id=\"4e608294\" data-element_type=\"widget\" data-e-type=\"widget\" data-widget_type=\"heading.default\">\n\t\t\t\t<div class=\"elementor-widget-container\">\n\t\t\t\t\t<h2 class=\"elementor-heading-title elementor-size-default\">T\u00e9rminos y condiciones<\/h2>\t\t\t\t<\/div>\n\t\t\t\t<\/div>\n\t\t\t\t<div class=\"elementor-element elementor-element-2f947f43 elementor-widget elementor-widget-text-editor\" data-id=\"2f947f43\" data-element_type=\"widget\" data-e-type=\"widget\" data-widget_type=\"text-editor.default\">\n\t\t\t\t<div class=\"elementor-widget-container\">\n\t\t\t\t\t\t\t\t\t<p><strong>Resumen<\/strong><\/p>\n<p>Estas t\u00e9rminos y condiciones se aplican a todas las excursiones reservadas a trav\u00e9s de Wildfinder Tours &amp; Safaris, una empresa local con sede en Arusha (Tanzania). Establecen el acuerdo contractual entre Wildfinder Tours &amp; Safaris y sus clientes. Es esencial que leas y comprendas detenidamente estos t\u00e9rminos y condiciones. Al reservar un viaje con Wildfinder Tours &amp; Safaris, reconoces que los has le\u00eddo, entendido y aceptado. Se considera que has aceptado estas condiciones en nombre de todas las personas que figuran en la reserva.    &nbsp;<span style=\"color: var( --e-global-color-text ); font-family: var( --e-global-typography-text-font-family ), Sans-serif; font-weight: var( --e-global-typography-text-font-weight ); text-align: var(--text-align);\">Al hacerlo, todos los miembros del grupo manifiestan su acuerdo y conformidad con estas Condiciones Generales. La persona que ha completado la reserva se designa como persona de contacto principal para todos los dem\u00e1s miembros que figuran en esta reserva. <\/span><\/p>\n<p><span style=\"color: var( --e-global-color-text ); font-family: var( --e-global-typography-text-font-family ), Sans-serif; font-weight: var( --e-global-typography-text-font-weight ); text-align: var(--text-align);\">&nbsp;<\/span><\/p>\n<ol>\n<li><strong>  Anticipos y pagos finales<\/strong><\/li>\n<\/ol>\n<p>Al reservar una excursi\u00f3n con Wildfinder Tours &amp; Safaris, se requiere un dep\u00f3sito del 40% para confirmar la excursi\u00f3n e iniciar los procedimientos y preparativos esenciales de la reserva. Las instrucciones de pago se proporcionar\u00e1n por correo electr\u00f3nico. El saldo restante del viaje reservado debe abonarse a m\u00e1s tardar 8 semanas antes del inicio del viaje. Las reservas realizadas dentro de las 8 semanas anteriores a la fecha de inicio del viaje deben abonarse en su totalidad. Todos los pagos a Wildfinder Tours &amp; Safaris deben estar libres de gastos bancarios y recargos por transacciones con tarjeta de cr\u00e9dito.    <\/p><p><br><\/p>\n<ol start=\"2\">\n<li><strong>  Contrato de reserva<\/strong><\/li>\n<\/ol>\n<p>Una reserva queda confirmada y estos t\u00e9rminos y condiciones entran en vigor cuando Wildfinder Tours &amp; Safaris haya recibido del cliente el dep\u00f3sito acordado y el cliente haya recibido una confirmaci\u00f3n por escrito de la reserva por parte de Wildfinder Tours &amp; Safaris. El cliente responsable de confirmar la reserva debe tener al menos 18 a\u00f1os de edad y comprometerse a facilitar a Wildfinder Tours &amp; Safaris la informaci\u00f3n completa y exacta que se le solicite para finalizar la reserva. Cuando un cliente confirma una reserva para un viaje que implica a m\u00e1s de un cliente nombrado, el cliente confirma:  <\/p><p><br><\/p>\n<ul>\n<li>Est\u00e1s autorizado a efectuar dicha reserva en nombre de todos los dem\u00e1s clientes y les has transmitido toda la informaci\u00f3n esencial.<\/li>\n<\/ul>\n<ul>\n<li>La informaci\u00f3n facilitada sobre todos los clientes es exhaustiva y exacta y han obtenido todos los consentimientos y autorizaciones necesarios para compartir dicha informaci\u00f3n con Wildfinder Tours &amp; Safaris.<\/li>\n<\/ul>\n<div>&nbsp;<\/div>\n<ol start=\"3\">\n<li><strong>  Condiciones de anulaci\u00f3n<\/strong><\/li>\n<\/ol>\n<p>En caso de cancelaci\u00f3n de tu viaje, notif\u00edcanoslo por escrito. Para compensar la p\u00e9rdida estimada causada por tu cancelaci\u00f3n, se cobrar\u00e1n gastos de cancelaci\u00f3n por persona seg\u00fan se describe a continuaci\u00f3n: <\/p><p><br><\/p>\n<table width=\"642\">\n<thead>\n<tr>\n<td width=\"258\">N\u00famero de d\u00edas antes de la llegada<\/td>\n<td width=\"384\">Porcentaje del coste total<\/td>\n<\/tr>\n<\/thead>\n<tbody>\n<tr>\n<td width=\"258\">A partir de 61 d\u00edas<\/td>\n<td width=\"384\">10% de los costes totales<\/td>\n<\/tr>\n<tr>\n<td width=\"258\">60 &#8211; 31 d\u00edas<\/td>\n<td width=\"384\">30% del coste total<\/td>\n<\/tr>\n<tr>\n<td width=\"258\">30 &#8211; 15 d\u00edas<\/td>\n<td width=\"384\">50% del coste total<\/td>\n<\/tr>\n<tr>\n<td width=\"258\">menos de 14 d\u00edas<\/td>\n<td width=\"384\">100% de los costes totales<\/td>\n<\/tr>\n<\/tbody>\n<\/table>\n<p><strong>&nbsp;<\/strong><\/p>\n<p><strong>Si cancelamos:<\/strong><\/p>\n<p>Aunque es extremadamente raro que cancelemos una reserva confirmada, siempre nos esforzamos por evitar tales circunstancias. Sin embargo, nos reservamos el derecho a cancelar en determinadas circunstancias. No cancelaremos ning\u00fan viaje confirmado con menos de 60 d\u00edas de antelaci\u00f3n a la salida, a menos que nos veamos obligados a hacerlo debido a circunstancias excepcionales e imprevisibles ajenas a nuestro control, que no podr\u00edan haberse evitado ni siquiera con el mayor cuidado. En caso de cancelaci\u00f3n de tu viaje por nuestra parte (excluidos los casos en que no hayas efectuado el pago o por causas de fuerza mayor*), te ofreceremos la oportunidad de comprarnos un viaje alternativo de un nivel comparable, sujeto a disponibilidad, dentro del mismo plazo. Si la alternativa elegida es m\u00e1s barata que tu viaje original, te reembolsaremos la diferencia. Si es m\u00e1s caro, te reclamaremos la diferencia. Alternativamente, tienes derecho al reembolso \u00edntegro de todos los gastos que ya nos hayas abonado. Lamentablemente, no podemos reembolsar los gastos o p\u00e9rdidas ocasionados por la cancelaci\u00f3n.       <\/p><p><br><\/p>\n<p><strong>F<\/strong><strong>ue<\/strong><strong>rza Mayor<\/strong><\/p>\n<p>Lamentamos informarte de que no podemos ofrecerte una indemnizaci\u00f3n si el correcto cumplimiento de nuestra obligaci\u00f3n se ve obstaculizado por acontecimientos que nosotros o los proveedores de servicios implicados no podr\u00edamos haber previsto o evitado ni siquiera con el mayor cuidado. Dichos sucesos pueden incluir guerras, actividades terroristas, acciones gubernamentales imprevistas, disturbios, revueltas civiles, desastres naturales, cierre de fronteras, conflictos laborales, incendios, cierre de carreteras, robos, epidemias, cuarentenas, interrupciones del tr\u00e1fico terrestre y a\u00e9reo, condiciones meteorol\u00f3gicas extremas y otros sucesos similares fuera de nuestro control. <\/p><p><br><\/p>\n<ol start=\"4\">\n<li><strong>  Seguro de viaje<\/strong><\/li>\n<\/ol>\n<p>Wildfinder Tours &amp; Safaris no proporciona seguro de viaje. Por lo tanto, es responsabilidad del cliente obtener un seguro de viaje de su pa\u00eds de origen que incluya la cobertura m\u00ednima recomendada para gastos m\u00e9dicos, evacuaci\u00f3n m\u00e9dica y repatriaci\u00f3n. Recomendamos encarecidamente que los clientes ampl\u00eden tambi\u00e9n su cobertura para incluir la cancelaci\u00f3n y cualquier otro gasto que pueda surgir durante su viaje debido a p\u00e9rdidas, da\u00f1os, lesiones, retrasos o inconvenientes. Al contratar un seguro de viaje, los clientes deben asegurarse de que la aseguradora est\u00e1 informada de la naturaleza del viaje previsto para garantizar una cobertura adecuada para viajar en el circuito correspondiente.   <\/p><p><br><\/p>\n<ol start=\"5\">\n<li><strong>  Enfermedades<\/strong><\/li>\n<\/ol>\n<p>Todos los clientes deben proporcionar informaci\u00f3n m\u00e9dica precisa y pertinente a Wildfinder Tours &amp; Safaris al reservar su excursi\u00f3n. Es responsabilidad del cliente evaluar su estado f\u00edsico y su capacidad para participar en un viaje con nosotros. Aconsejamos a todos los clientes que consulten a su m\u00e9dico sobre su idoneidad para el viaje reservado. Wildfinder Tours &amp; Safaris recomienda que los clientes soliciten asesoramiento m\u00e9dico para tratar con nosotros cualquier inmunizaci\u00f3n necesaria, precauci\u00f3n m\u00e9dica u otras consideraciones relacionadas con la salud para todo su viaje.   <\/p><p><br><\/p>\n<p>Los viajes de aventura de Wildfinder Tours &amp; Safaris pueden incluir visitas a regiones remotas o menos desarrolladas de Tanzania, donde las instalaciones m\u00e9dicas pueden no estar a la altura de las del pa\u00eds de origen del cliente. La calidad de las instalaciones m\u00e9dicas en estas zonas var\u00eda y Wildfinder Tours &amp; Safaris no hace declaraciones ni ofrece garant\u00edas sobre el nivel de dichas instalaciones o del tratamiento m\u00e9dico en estas regiones. <\/p><p><br><\/p>\n<ol start=\"6\">\n<li><strong>  Requisitos especiales<\/strong><\/li>\n<\/ol>\n<p>Wildfinder Tours &amp; Safaris se esfuerza por tener en cuenta las peticiones especiales de los clientes, como las preferencias diet\u00e9ticas y de alojamiento. Sin embargo, es importante tener en cuenta que dichas solicitudes no forman parte de estos t\u00e9rminos y condiciones ni del contrato entre el cliente y Wildfinder Tours &amp; Safaris. Wildfinder Tours &amp; Safaris no se hace responsable de la imposibilidad de acomodar o satisfacer dichas solicitudes.  <\/p><p><br><\/p>\n<ol start=\"7\">\n<li> <strong><strong> Precios, recargos e<\/strong><strong> impuestos<\/strong><\/strong><\/li>\n<\/ol>\n<p>Debido a la naturaleza din\u00e1mica de la industria del turismo en Tanzania y a los precios fluctuantes de sus recursos asociados, el precio publicado de cualquier producto tur\u00edstico est\u00e1 sujeto a cambios en cualquier momento hasta 30 d\u00edas antes de la salida del viaje, tanto antes como despu\u00e9s de la confirmaci\u00f3n de la reserva. Wildfinder Tours &amp; Safaris se reserva el derecho a imponer recargos en cualquier producto tur\u00edstico debido \u00fanicamente a aumentos en los costes de alojamiento, costes de transporte, precios del combustible, impuestos, cargos por servicios tales como costes de terceros proveedores, fluctuaciones monetarias, tasas de parques o acciones gubernamentales que afecten al precio de los recorridos pertinentes. Sin embargo, estos recargos s\u00f3lo se cobrar\u00e1n si el aumento es lo suficientemente grande como para justificarlos. Wildfinder Tours &amp; Safaris notificar\u00e1 al cliente afectado lo antes posible tras determinar la necesidad de tales recargos de conformidad con esta disposici\u00f3n.   <\/p><p><br><\/p>\n<p>Tras recibir la notificaci\u00f3n de Wildfinder Tours &amp; Safaris, los clientes afectados tienen la opci\u00f3n de<\/p><p><br><\/p>\n<ol>\n<li>cancelar el viaje reservado sin penalizaci\u00f3n; o<\/li>\n<li>Aceptar el precio revisado.<\/li>\n<\/ol>\n<div>&nbsp;<\/div>\n<p>El cliente debe informar a Wildfinder Tours &amp; Safaris de su decisi\u00f3n en un plazo de 14 d\u00edas a partir de la recepci\u00f3n de la notificaci\u00f3n del aumento; de lo contrario, se considerar\u00e1 que est\u00e1 de acuerdo con el ajuste de precios y estar\u00e1 obligado a pagar el aumento.<\/p><p><br><\/p>\n<ol start=\"8\">\n<li><strong>Cambios en el itinerario<\/strong><\/li>\n<\/ol>\n<p>Al reservar un viaje con Wildfinder Tours &amp; Safaris, el cliente reconoce la flexibilidad inherente que requieren los viajes de aventura, especialmente en \u00c1frica, y acepta que Wildfinder Tours &amp; Safaris realice cambios razonables en el itinerario y\/o la ruta. El cliente entiende que el itinerario, los horarios, las horas de salida, el alojamiento, los itinerarios, los servicios y los medios de transporte est\u00e1n sujetos a cambios sin previo aviso debido a diversas circunstancias o acontecimientos. Estas circunstancias pueden incluir enfermedades o fallos t\u00e9cnicos, incidentes en el destino, cancelaciones de vuelos, huelgas, disputas pol\u00edticas, dificultades de inmigraci\u00f3n o fronterizas, condiciones meteorol\u00f3gicas extremadamente adversas y otras circunstancias imprevistas fuera del control razonable de Wildfinder Tours &amp; Safaris. El cliente reconoce que Wildfinder Tours &amp; Safaris no es responsable de dichos cambios o ajustes.   <\/p><p><br><\/p>\n<p>Wildfinder Tours &amp; Safaris no tiene obligaci\u00f3n alguna de proporcionar descuentos o reembolsos por servicios no prestados o no utilizados debido a circunstancias ajenas a su control, incluida la cancelaci\u00f3n de la participaci\u00f3n del cliente en el viaje por culpa del cliente, negligencia o incumplimiento de estos t\u00e9rminos y condiciones.<\/p>\n<p>Aunque Wildfinder Tours &amp; Safaris se esfuerza por garantizar que el viaje reservado se desarrolle seg\u00fan lo previsto, no puede garantizar el cumplimiento estricto del itinerario acordado. Por lo tanto, Wildfinder Tours &amp; Safaris se reserva el derecho a alterar el itinerario si fuera necesario o en su beneficio. Aunque se har\u00e1 todo lo posible por informar a los clientes de cualquier cambio antes de la salida, Wildfinder Tours &amp; Safaris no tiene ninguna obligaci\u00f3n de hacerlo y no ser\u00e1 responsable de los reembolsos resultantes.  <\/p><p><br><\/p>\n<p>Wildfinder Tours &amp; Safaris no tiene control sobre la gesti\u00f3n de los proveedores de alojamiento utilizados en sus viajes. Por lo tanto, en determinados casos Wildfinder Tours &amp; Safaris puede ser informado por sus proveedores de alojamiento de que el alojamiento reservado ya no est\u00e1 disponible debido a circunstancias ajenas a su control. En tales casos, Wildfinder Tours &amp; Safaris proporcionar\u00e1 un alojamiento alternativo de al menos el mismo nivel o superior.  <\/p><p><br><\/p>\n<ol start=\"9\">\n<li><strong>  Riesgo<\/strong><\/li>\n<\/ol>\n<p>El cliente reconoce que nuestros productos tur\u00edsticos implican actividades de aventura y pueden entra\u00f1ar riesgos significativos para la salud y\/o la seguridad. Al participar, el cliente asume todos esos riesgos y exime a Wildfinder Tours &amp; Safaris de cualquier reclamaci\u00f3n por p\u00e9rdidas, da\u00f1os, lesiones o muerte derivados de los riesgos inherentes a los viajes, incluidos los viajes de aventura, las visitas a zonas salvajes y remotas y la participaci\u00f3n en actividades de aventura descritas en los itinerarios. Los niveles de higiene, alojamiento y transporte en algunos destinos pueden ser inferiores a los del pa\u00eds o regi\u00f3n de origen del cliente.  <\/p><p><br><\/p>\n<p>El cliente reconoce que Wildfinder Tours &amp; Safaris proporciona informaci\u00f3n u orientaci\u00f3n sobre costumbres locales, condiciones meteorol\u00f3gicas, problemas de seguridad, desaf\u00edos f\u00edsicos o leyes aplicables en los destinos seg\u00fan su leal saber y entender. Sin embargo, Wildfinder Tours &amp; Safaris no ser\u00e1 responsable si el cliente no act\u00faa de acuerdo con la informaci\u00f3n facilitada. <\/p>\n<p>Los clientes deben cumplir estrictamente todas las leyes y normativas pertinentes en Tanzania y en los destinos. Cualquier infracci\u00f3n o comisi\u00f3n de actos ilegales puede dar lugar a la rescisi\u00f3n inmediata de los acuerdos de viaje por parte de Wildfinder Tours &amp; Safaris sin responsabilidad alguna, y el cliente no tendr\u00e1 derecho a ning\u00fan reembolso por los servicios no utilizados ni por los gastos en que haya incurrido como consecuencia de la rescisi\u00f3n, incluidos el viaje de vuelta, el alojamiento, las comidas y los gastos imprevistos. <\/p><p><br><\/p>\n<p>Los clientes aceptan tomar precauciones de seguridad razonables durante los viajes de aventura de Wildfinder Tours &amp; Safaris, incluido el uso adecuado de equipos de seguridad como cinturones de seguridad, arneses y cascos, y el cumplimiento de las se\u00f1ales y advertencias publicadas. Ni Wildfinder Tours &amp; Safaris ni sus proveedores externos ser\u00e1n responsables de ning\u00fan incumplimiento por parte del cliente de las instrucciones o recomendaciones de seguridad. <\/p><p><br><\/p>\n<ol start=\"10\">\n<li><strong>  Quejas<\/strong><\/li>\n<\/ol>\n<p>Los clientes que experimenten problemas durante su viaje deben informar inmediatamente a la direcci\u00f3n de la empresa en info@wildfindersafaris.com o por tel\u00e9fono en el +49 211 94289111. Todas las reclamaciones realizadas tras la finalizaci\u00f3n de un viaje deber\u00e1n comunicarse por escrito a Wildfinder Tours &amp; Safaris en un plazo de 30 d\u00edas a partir de la finalizaci\u00f3n del viaje. <\/p><p><br><\/p>\n<ol start=\"11\">\n<li><strong>  Proveedor externo<\/strong><\/li>\n<\/ol>\n<p>Wildfinder Tours &amp; Safaris organiza servicios de viaje y otros componentes de tu producto tur\u00edstico a trav\u00e9s de proveedores de alojamiento, organizadores de eventos, compa\u00f1\u00edas a\u00e9reas, empresas de autocares, operadores de traslados, proveedores de excursiones en tierra, gu\u00edas tur\u00edsticos y otras entidades independientes (\u00abTerceros proveedores\u00bb). Aunque Wildfinder Tours &amp; Safaris tiene un cuidado razonable en la selecci\u00f3n de Terceros Proveedores, no los controla ni supervisa directamente y, por tanto, no puede ser considerada responsable de sus actos u omisiones. En la m\u00e1xima medida permitida por la ley, Wildfinder Tours &amp; Safaris declina toda responsabilidad y no acepta responsabilidad alguna por reclamaciones, p\u00e9rdidas, da\u00f1os, costes o gastos derivados de cualquier inconveniente, p\u00e9rdida de disfrute, decepci\u00f3n, molestia o frustraci\u00f3n, ya sea f\u00edsica o psicol\u00f3gica, resultante de los actos u omisiones de partes externas a Wildfinder Tours &amp; Safaris y sus empleados.  <\/p><p><br><\/p>\n<ol start=\"12\">\n<li><strong>  Responsabilidad<\/strong><\/li>\n<\/ol>\n<p>Wildfinder Tours &amp; Safaris no ser\u00e1 responsable de ning\u00fan da\u00f1o, gasto, p\u00e9rdida o reclamaci\u00f3n por culpa de un cliente, actos u omisiones imprevisibles o inevitables de terceros no relacionados con la prestaci\u00f3n de servicios de viaje, o fuerza mayor. Wildfinder Tours &amp; Safaris no acepta responsabilidad alguna por la p\u00e9rdida, robo o da\u00f1os sufridos por el equipaje o los efectos personales de los clientes durante el viaje. Se aconseja a los clientes que no dejen objetos personales desatendidos en zonas p\u00fablicas, en el transporte o en cualquier otro lugar, y son responsables de sus efectos y pertenencias en todo momento.  <\/p><p><br><\/p>\n<ol start=\"13\">\n<li><strong>Fuerza mayor<\/strong><\/li>\n<\/ol>\n<p>\u00abFuerza Mayor\u00bb se refiere a circunstancias que escapan al control de Wildfinder Tours &amp; Safaris, incluidos, entre otros, casos fortuitos, explosiones, inundaciones, tormentas, incendios, accidentes, guerra o amenaza de guerra, sabotaje, insurrecci\u00f3n, conmoci\u00f3n civil o requisa, enfermedad, cuarentena, intervenci\u00f3n gubernamental, condiciones meteorol\u00f3gicas u otros acontecimientos externos. En caso de fuerza mayor que afecte a Wildfinder Tours &amp; Safaris, la empresa te informar\u00e1 inmediatamente de la naturaleza y el alcance de la situaci\u00f3n. No se considerar\u00e1 que Wildfinder Tours &amp; Safaris haya incumplido el contrato o sea responsable por causa de fuerza mayor.  <\/p><p><br><\/p>\n<p>Si Wildfinder Tours &amp; Safaris se ve afectada por causas de fuerza mayor, la empresa se reserva el derecho a modificar o cancelar las reservas o los preparativos relacionados con los viajes a su entera discreci\u00f3n. Los reembolsos emitidos por Wildfinder Tours &amp; Safaris por incumplimiento se realizar\u00e1n siempre que sea posible. No obstante, Wildfinder Tours &amp; Safaris podr\u00e1 deducir de cualquier reembolso los costes reales y potenciales razonables en los que haya incurrido la empresa como consecuencia del acontecimiento de fuerza mayor.  <\/p><p><br><\/p>\n<ol start=\"14\">\n<li><strong>Im\u00e1genes y marketing<\/strong><\/li>\n<\/ol>\n<p>Wildfinder Tours &amp; Safaris se reserva el derecho a utilizar todas las fotograf\u00edas y v\u00eddeos tomados durante las excursiones con fines de marketing u otros fines promocionales. Al participar en la excursi\u00f3n, el cliente consiente el uso de dichas fotograf\u00edas y autoriza a la empresa a conservar los derechos de autor de estos materiales. <\/p>\n<p><strong>&nbsp;<\/strong><\/p>\n<ol start=\"15\">\n<li><strong>C<\/strong><strong>ambios<\/strong><\/li>\n<\/ol>\n<p>Wildfinder Tours &amp; Safaris se reserva el derecho a actualizar y\/o modificar estos T\u00e9rminos y Condiciones en cualquier momento, por lo que los T\u00e9rminos y Condiciones modificados se publicar\u00e1n en el sitio web de Wildfinder Tours &amp; Safaris. Dichas modificaciones entrar\u00e1n en vigor 10 d\u00edas despu\u00e9s de su publicaci\u00f3n en el sitio web. Los T\u00e9rminos y Condiciones m\u00e1s recientes, en su versi\u00f3n modificada, podr\u00e1n encontrarse siempre en el sitio web de Wildfinder Tours &amp; Safaris o se pondr\u00e1n a disposici\u00f3n de los clientes previa solicitud por escrito. Se considerar\u00e1 que los clientes han aceptado cualquier cambio en estos t\u00e9rminos y condiciones 10 d\u00edas despu\u00e9s de su publicaci\u00f3n en el sitio web. Wildfinder Tours &amp; Safaris recomienda a todos los clientes que revisen los T\u00e9rminos y Condiciones antes de viajar para asegurarse de que est\u00e1n familiarizados con la versi\u00f3n m\u00e1s actualizada.    <\/p>\t\t\t\t\t\t\t\t<\/div>\n\t\t\t\t<\/div>\n\t\t\t\t\t<\/div>\n\t\t\t\t<\/div>\n\t\t\t\t<\/div>\n\t\t","protected":false},"excerpt":{"rendered":"<p>T\u00e9rminos y condiciones Resumen Estas t\u00e9rminos y condiciones se aplican a todas las excursiones reservadas a trav\u00e9s de Wildfinder Tours &amp; Safaris, una empresa local con sede en Arusha (Tanzania). Establecen el acuerdo contractual entre Wildfinder Tours &amp; Safaris y sus clientes. Es esencial que leas y comprendas detenidamente estos t\u00e9rminos y condiciones. Al reservar [&hellip;]<\/p>\n","protected":false},"author":1,"featured_media":0,"parent":0,"menu_order":38,"comment_status":"closed","ping_status":"closed","template":"","meta":{"_acf_changed":false,"footnotes":""},"class_list":["post-7174","page","type-page","status-publish","hentry"],"acf":[],"_links":{"self":[{"href":"https:\/\/wildfindersafaris.com\/es\/wp-json\/wp\/v2\/pages\/7174","targetHints":{"allow":["GET"]}}],"collection":[{"href":"https:\/\/wildfindersafaris.com\/es\/wp-json\/wp\/v2\/pages"}],"about":[{"href":"https:\/\/wildfindersafaris.com\/es\/wp-json\/wp\/v2\/types\/page"}],"author":[{"embeddable":true,"href":"https:\/\/wildfindersafaris.com\/es\/wp-json\/wp\/v2\/users\/1"}],"replies":[{"embeddable":true,"href":"https:\/\/wildfindersafaris.com\/es\/wp-json\/wp\/v2\/comments?post=7174"}],"version-history":[{"count":9,"href":"https:\/\/wildfindersafaris.com\/es\/wp-json\/wp\/v2\/pages\/7174\/revisions"}],"predecessor-version":[{"id":14841,"href":"https:\/\/wildfindersafaris.com\/es\/wp-json\/wp\/v2\/pages\/7174\/revisions\/14841"}],"wp:attachment":[{"href":"https:\/\/wildfindersafaris.com\/es\/wp-json\/wp\/v2\/media?parent=7174"}],"curies":[{"name":"wp","href":"https:\/\/api.w.org\/{rel}","templated":true}]}}